{"id":541,"date":"2018-11-27T09:17:08","date_gmt":"2018-11-27T09:17:08","guid":{"rendered":"https:\/\/ercimaxtic.com\/index.php\/about\/"},"modified":"2023-10-03T15:12:44","modified_gmt":"2023-10-03T12:12:44","slug":"about","status":"publish","type":"page","link":"https:\/\/ercimaxtic.com\/index.php\/about\/","title":{"rendered":"About"},"content":{"rendered":"\t\t<div data-elementor-type=\"wp-post\" data-elementor-id=\"541\" class=\"elementor elementor-541\">\n\t\t\t\t\t\t\t\t\t<section class=\"elementor-section elementor-top-section elementor-element elementor-element-d7d8b56 elementor-section-boxed elementor-section-height-default elementor-section-height-default\" data-id=\"d7d8b56\" data-element_type=\"section\" data-settings=\"{&quot;background_background&quot;:&quot;classic&quot;}\">\n\t\t\t\t\t\t\t<div class=\"elementor-background-overlay\"><\/div>\n\t\t\t\t\t\t\t<div class=\"elementor-container elementor-column-gap-default\">\n\t\t\t\t\t<div class=\"elementor-column elementor-col-100 elementor-top-column elementor-element elementor-element-fd69444\" data-id=\"fd69444\" data-element_type=\"column\">\n\t\t\t<div class=\"elementor-widget-wrap elementor-element-populated\">\n\t\t\t\t\t\t\t\t<div class=\"elementor-element elementor-element-abcc2f2 elementor-widget elementor-widget-heading\" data-id=\"abcc2f2\" data-element_type=\"widget\" data-widget_type=\"heading.default\">\n\t\t\t\t<div class=\"elementor-widget-container\">\n\t\t\t<style>\/*! elementor - v3.16.0 - 20-09-2023 *\/\n.elementor-heading-title{padding:0;margin:0;line-height:1}.elementor-widget-heading .elementor-heading-title[class*=elementor-size-]>a{color:inherit;font-size:inherit;line-height:inherit}.elementor-widget-heading .elementor-heading-title.elementor-size-small{font-size:15px}.elementor-widget-heading .elementor-heading-title.elementor-size-medium{font-size:19px}.elementor-widget-heading .elementor-heading-title.elementor-size-large{font-size:29px}.elementor-widget-heading .elementor-heading-title.elementor-size-xl{font-size:39px}.elementor-widget-heading .elementor-heading-title.elementor-size-xxl{font-size:59px}<\/style><h1 class=\"elementor-heading-title elementor-size-default\">biz kimiz ?<\/h1>\t\t<\/div>\n\t\t\t\t<\/div>\n\t\t\t\t\t<\/div>\n\t\t<\/div>\n\t\t\t\t\t\t\t<\/div>\n\t\t<\/section>\n\t\t\t\t<section class=\"elementor-section elementor-top-section elementor-element elementor-element-5c40d7b elementor-section-boxed elementor-section-height-default elementor-section-height-default\" data-id=\"5c40d7b\" data-element_type=\"section\">\n\t\t\t\t\t\t<div class=\"elementor-container elementor-column-gap-default\">\n\t\t\t\t\t<div class=\"elementor-column elementor-col-50 elementor-top-column elementor-element elementor-element-2ebbf9c\" data-id=\"2ebbf9c\" data-element_type=\"column\">\n\t\t\t<div class=\"elementor-widget-wrap elementor-element-populated\">\n\t\t\t\t\t\t\t\t<div class=\"elementor-element elementor-element-fe195c7 elementor-widget elementor-widget-heading\" data-id=\"fe195c7\" data-element_type=\"widget\" data-widget_type=\"heading.default\">\n\t\t\t\t<div class=\"elementor-widget-container\">\n\t\t\t<h2 class=\"elementor-heading-title elementor-size-default\">misyon ve vizyon<\/h2>\t\t<\/div>\n\t\t\t\t<\/div>\n\t\t\t\t<div class=\"elementor-element elementor-element-dc051dd elementor-widget-divider--view-line elementor-widget elementor-widget-divider\" data-id=\"dc051dd\" data-element_type=\"widget\" data-widget_type=\"divider.default\">\n\t\t\t\t<div class=\"elementor-widget-container\">\n\t\t\t<style>\/*! elementor - v3.16.0 - 20-09-2023 *\/\n.elementor-widget-divider{--divider-border-style:none;--divider-border-width:1px;--divider-color:#0c0d0e;--divider-icon-size:20px;--divider-element-spacing:10px;--divider-pattern-height:24px;--divider-pattern-size:20px;--divider-pattern-url:none;--divider-pattern-repeat:repeat-x}.elementor-widget-divider .elementor-divider{display:flex}.elementor-widget-divider .elementor-divider__text{font-size:15px;line-height:1;max-width:95%}.elementor-widget-divider .elementor-divider__element{margin:0 var(--divider-element-spacing);flex-shrink:0}.elementor-widget-divider .elementor-icon{font-size:var(--divider-icon-size)}.elementor-widget-divider .elementor-divider-separator{display:flex;margin:0;direction:ltr}.elementor-widget-divider--view-line_icon .elementor-divider-separator,.elementor-widget-divider--view-line_text .elementor-divider-separator{align-items:center}.elementor-widget-divider--view-line_icon .elementor-divider-separator:after,.elementor-widget-divider--view-line_icon .elementor-divider-separator:before,.elementor-widget-divider--view-line_text .elementor-divider-separator:after,.elementor-widget-divider--view-line_text .elementor-divider-separator:before{display:block;content:\"\";border-bottom:0;flex-grow:1;border-top:var(--divider-border-width) var(--divider-border-style) var(--divider-color)}.elementor-widget-divider--element-align-left .elementor-divider .elementor-divider-separator>.elementor-divider__svg:first-of-type{flex-grow:0;flex-shrink:100}.elementor-widget-divider--element-align-left .elementor-divider-separator:before{content:none}.elementor-widget-divider--element-align-left .elementor-divider__element{margin-left:0}.elementor-widget-divider--element-align-right .elementor-divider .elementor-divider-separator>.elementor-divider__svg:last-of-type{flex-grow:0;flex-shrink:100}.elementor-widget-divider--element-align-right .elementor-divider-separator:after{content:none}.elementor-widget-divider--element-align-right .elementor-divider__element{margin-right:0}.elementor-widget-divider:not(.elementor-widget-divider--view-line_text):not(.elementor-widget-divider--view-line_icon) .elementor-divider-separator{border-top:var(--divider-border-width) var(--divider-border-style) var(--divider-color)}.elementor-widget-divider--separator-type-pattern{--divider-border-style:none}.elementor-widget-divider--separator-type-pattern.elementor-widget-divider--view-line .elementor-divider-separator,.elementor-widget-divider--separator-type-pattern:not(.elementor-widget-divider--view-line) .elementor-divider-separator:after,.elementor-widget-divider--separator-type-pattern:not(.elementor-widget-divider--view-line) .elementor-divider-separator:before,.elementor-widget-divider--separator-type-pattern:not([class*=elementor-widget-divider--view]) .elementor-divider-separator{width:100%;min-height:var(--divider-pattern-height);-webkit-mask-size:var(--divider-pattern-size) 100%;mask-size:var(--divider-pattern-size) 100%;-webkit-mask-repeat:var(--divider-pattern-repeat);mask-repeat:var(--divider-pattern-repeat);background-color:var(--divider-color);-webkit-mask-image:var(--divider-pattern-url);mask-image:var(--divider-pattern-url)}.elementor-widget-divider--no-spacing{--divider-pattern-size:auto}.elementor-widget-divider--bg-round{--divider-pattern-repeat:round}.rtl .elementor-widget-divider .elementor-divider__text{direction:rtl}.e-con-inner>.elementor-widget-divider,.e-con>.elementor-widget-divider{width:var(--container-widget-width,100%);--flex-grow:var(--container-widget-flex-grow)}<\/style>\t\t<div class=\"elementor-divider\">\n\t\t\t<span class=\"elementor-divider-separator\">\n\t\t\t\t\t\t<\/span>\n\t\t<\/div>\n\t\t\t\t<\/div>\n\t\t\t\t<\/div>\n\t\t\t\t<div class=\"elementor-element elementor-element-5dcd18a elementor-widget elementor-widget-text-editor\" data-id=\"5dcd18a\" data-element_type=\"widget\" data-widget_type=\"text-editor.default\">\n\t\t\t\t<div class=\"elementor-widget-container\">\n\t\t\t<style>\/*! elementor - v3.16.0 - 20-09-2023 *\/\n.elementor-widget-text-editor.elementor-drop-cap-view-stacked .elementor-drop-cap{background-color:#69727d;color:#fff}.elementor-widget-text-editor.elementor-drop-cap-view-framed .elementor-drop-cap{color:#69727d;border:3px solid;background-color:transparent}.elementor-widget-text-editor:not(.elementor-drop-cap-view-default) .elementor-drop-cap{margin-top:8px}.elementor-widget-text-editor:not(.elementor-drop-cap-view-default) .elementor-drop-cap-letter{width:1em;height:1em}.elementor-widget-text-editor .elementor-drop-cap{float:left;text-align:center;line-height:1;font-size:50px}.elementor-widget-text-editor .elementor-drop-cap-letter{display:inline-block}<\/style>\t\t\t\t<p><strong>Vizyonumuz:<\/strong><\/p><p>ERC\u0130MAX DI\u015e T\u0130CARET LTD. \u015eT\u0130 olarak, k\u00fcresel arenada rekabetin h\u0131zla evrildi\u011fi bir d\u00f6nemde, m\u00fc\u015fterilerimize s\u0131n\u0131rs\u0131z olanaklar sunan, yenilik\u00e7i ve \u00f6nc\u00fc bir d\u0131\u015f ticaret firmas\u0131 olma vizyonunu ta\u015f\u0131yoruz. K\u00fcresel ba\u011flant\u0131lar kurarak, m\u00fc\u015fterilerimizin ihtiya\u00e7lar\u0131na en iyi \u015fekilde cevap vermek, teknoloji ve de\u011fi\u015fen pazar dinamiklerine uyum sa\u011flamak i\u00e7in \u00e7abalar\u0131m\u0131z\u0131 s\u00fcrekli olarak art\u0131r\u0131yoruz.<\/p><p><strong>Misyonumuz:<\/strong><\/p><p>Biz, ERC\u0130MAX ailesi olarak, m\u00fc\u015fterilerimizin ba\u015far\u0131s\u0131n\u0131 kendi ba\u015far\u0131m\u0131z olarak g\u00f6r\u00fcyor ve onlara sadece \u00fcr\u00fcnler de\u011fil, ayn\u0131 zamanda g\u00fcvenilir bir i\u015f orta\u011f\u0131 olma s\u00f6z\u00fc veriyoruz. Y\u00fcksek kaliteli d\u0131\u015f ticaret hizmetlerimizle, m\u00fc\u015fterilerimizin i\u015f s\u00fcre\u00e7lerini optimize etmelerine, k\u00fcresel pazarlarda etkin bir \u015fekilde rekabet etmelerine yard\u0131mc\u0131 olmay\u0131 taahh\u00fct ediyoruz.<\/p><p>Misyonumuz ayn\u0131 zamanda G\u00fcney Global Dan\u0131\u015fmanl\u0131k \u015eirketi b\u00fcnyesinde sundu\u011fumuz dan\u0131\u015fmanl\u0131k hizmetleriyle i\u015f d\u00fcnyas\u0131ndaki de\u011fi\u015fimlere \u00f6nc\u00fcl\u00fck etmeyi i\u00e7erir. M\u00fc\u015fterilerimizin potansiyellerini maksimum seviyeye \u00e7\u0131karmalar\u0131na, s\u00fcrd\u00fcr\u00fclebilir b\u00fcy\u00fcme elde etmelerine ve ba\u015far\u0131lar\u0131n\u0131 art\u0131rmalar\u0131na rehberlik etmek i\u00e7in \u00e7aba g\u00f6steriyoruz.<\/p><p><strong>De\u011ferlerimiz:<\/strong><\/p><ul><li><p><strong>G\u00fcvenilirlik:<\/strong> M\u00fc\u015fterilerimizin bize olan g\u00fcveni, i\u015fimizin temelidir.<\/p><\/li><li><p><strong>\u0130novasyon:<\/strong> S\u00fcrekli olarak yeni ve etkili \u00e7\u00f6z\u00fcmler \u00fcreterek, de\u011fi\u015fen pazarlara adapte oluruz.<\/p><\/li><li><p><strong>\u015eeffafl\u0131k:<\/strong> A\u00e7\u0131k ve d\u00fcr\u00fcst ileti\u015fimle, m\u00fc\u015fterilerimizle g\u00fc\u00e7l\u00fc bir i\u015f ili\u015fkisi kurar\u0131z.<\/p><\/li><li><p><strong>M\u00fc\u015fteri Memnuniyeti:<\/strong> M\u00fc\u015fterilerimizin ihtiya\u00e7lar\u0131n\u0131 anlamak ve kar\u015f\u0131lamak i\u00e7in \u00f6zveri ile \u00e7al\u0131\u015f\u0131r\u0131z.<\/p><\/li><li><p><strong>Toplumsal Sorumluluk:<\/strong> \u0130\u015f yapma \u015feklimizde sosyal ve \u00e7evresel sorumlulu\u011fumuzu unutmaz, s\u00fcrd\u00fcr\u00fclebilirli\u011fi benimseriz.<\/p><\/li><\/ul><p>ERC\u0130MAX, d\u0131\u015f ticarette g\u00fcvenin ve ba\u015far\u0131n\u0131n simgesi olmay\u0131 taahh\u00fct eder, m\u00fc\u015fterileriyle birlikte b\u00fcy\u00fcmenin gururunu ya\u015far.<\/p>\t\t\t\t\t\t<\/div>\n\t\t\t\t<\/div>\n\t\t\t\t\t<\/div>\n\t\t<\/div>\n\t\t\t\t<div class=\"elementor-column elementor-col-50 elementor-top-column elementor-element elementor-element-e5fdae0\" data-id=\"e5fdae0\" data-element_type=\"column\">\n\t\t\t<div class=\"elementor-widget-wrap elementor-element-populated\">\n\t\t\t\t\t\t\t\t<div class=\"elementor-element elementor-element-96b5b53 elementor-widget__width-initial elementor-widget elementor-widget-image\" data-id=\"96b5b53\" data-element_type=\"widget\" data-widget_type=\"image.default\">\n\t\t\t\t<div class=\"elementor-widget-container\">\n\t\t\t<style>\/*! elementor - v3.16.0 - 20-09-2023 *\/\n.elementor-widget-image{text-align:center}.elementor-widget-image a{display:inline-block}.elementor-widget-image a img[src$=\".svg\"]{width:48px}.elementor-widget-image img{vertical-align:middle;display:inline-block}<\/style>\t\t\t\t\t\t\t\t\t\t\t\t<img decoding=\"async\" loading=\"lazy\" width=\"2560\" height=\"1529\" src=\"https:\/\/ercimaxtic.com\/wp-content\/uploads\/2023\/10\/56d6afffddbbb-scaled.jpg\" class=\"attachment-full size-full wp-image-592\" alt=\"\" srcset=\"https:\/\/ercimaxtic.com\/wp-content\/uploads\/2023\/10\/56d6afffddbbb-scaled.jpg 2560w, https:\/\/ercimaxtic.com\/wp-content\/uploads\/2023\/10\/56d6afffddbbb-300x179.jpg 300w, https:\/\/ercimaxtic.com\/wp-content\/uploads\/2023\/10\/56d6afffddbbb-1024x612.jpg 1024w, https:\/\/ercimaxtic.com\/wp-content\/uploads\/2023\/10\/56d6afffddbbb-768x459.jpg 768w, https:\/\/ercimaxtic.com\/wp-content\/uploads\/2023\/10\/56d6afffddbbb-1536x918.jpg 1536w, https:\/\/ercimaxtic.com\/wp-content\/uploads\/2023\/10\/56d6afffddbbb-2048x1223.jpg 2048w\" sizes=\"(max-width: 2560px) 100vw, 2560px\" \/>\t\t\t\t\t\t\t\t\t\t\t\t\t\t\t<\/div>\n\t\t\t\t<\/div>\n\t\t\t\t\t<\/div>\n\t\t<\/div>\n\t\t\t\t\t\t\t<\/div>\n\t\t<\/section>\n\t\t\t\t<section class=\"elementor-section elementor-top-section elementor-element elementor-element-e90a943 elementor-section-boxed elementor-section-height-default elementor-section-height-default\" data-id=\"e90a943\" data-element_type=\"section\">\n\t\t\t\t\t\t<div class=\"elementor-container elementor-column-gap-default\">\n\t\t\t\t\t<div class=\"elementor-column elementor-col-50 elementor-top-column elementor-element elementor-element-2126f92\" data-id=\"2126f92\" data-element_type=\"column\">\n\t\t\t<div class=\"elementor-widget-wrap elementor-element-populated\">\n\t\t\t\t\t\t\t\t<div class=\"elementor-element elementor-element-43a347a elementor-widget elementor-widget-heading\" data-id=\"43a347a\" data-element_type=\"widget\" data-widget_type=\"heading.default\">\n\t\t\t\t<div class=\"elementor-widget-container\">\n\t\t\t<h4 class=\"elementor-heading-title elementor-size-default\">DENEY\u0130MLER<\/h4>\t\t<\/div>\n\t\t\t\t<\/div>\n\t\t\t\t<div class=\"elementor-element elementor-element-7818b1a elementor-widget-divider--view-line elementor-widget elementor-widget-divider\" data-id=\"7818b1a\" data-element_type=\"widget\" data-widget_type=\"divider.default\">\n\t\t\t\t<div class=\"elementor-widget-container\">\n\t\t\t\t\t<div class=\"elementor-divider\">\n\t\t\t<span class=\"elementor-divider-separator\">\n\t\t\t\t\t\t<\/span>\n\t\t<\/div>\n\t\t\t\t<\/div>\n\t\t\t\t<\/div>\n\t\t\t\t<div class=\"elementor-element elementor-element-9e54541 elementor-widget elementor-widget-text-editor\" data-id=\"9e54541\" data-element_type=\"widget\" data-widget_type=\"text-editor.default\">\n\t\t\t\t<div class=\"elementor-widget-container\">\n\t\t\t\t\t\t\t<p><strong>ERC\u0130MAX DI\u015e T\u0130CARET LTD. \u015eT\u0130 &#8211; Y\u0131llar\u0131n Getirdi\u011fi G\u00fc\u00e7 ve Bilgi<\/strong><\/p><p>ERC\u0130MAX DI\u015e T\u0130CARET LTD. \u015eT\u0130 olarak, d\u0131\u015f ticaret alan\u0131nda ge\u00e7en y\u0131llar i\u00e7inde kazand\u0131\u011f\u0131m\u0131z deneyimle b\u00fcy\u00fcd\u00fck, geli\u015ftik ve k\u00fcresel arenada sa\u011flam ad\u0131mlar att\u0131k. \u0130lk g\u00fcnk\u00fc tutkumuz ve kararl\u0131l\u0131\u011f\u0131m\u0131zla, m\u00fc\u015fterilerimize de\u011ferli bir i\u015f orta\u011f\u0131 olma misyonu ile hareket ediyoruz.<\/p><p><strong>K\u00f6klerimiz ve G\u00fc\u00e7 Kayna\u011f\u0131m\u0131z:<\/strong><\/p><p>Gaziantep merkezli olarak faaliyet g\u00f6steriyoruz ve k\u00f6klerimizi bu zengin k\u00fclt\u00fcr\u00fcn i\u00e7ine salm\u0131\u015f bir i\u015fletme olarak, ticaretin kalbinde yer al\u0131yoruz. Gaziantep, tarih boyunca ticaretin kav\u015fa\u011f\u0131nda bulunmas\u0131 ve zengin bir k\u00fclt\u00fcr birikimine sahip olmas\u0131yla, i\u015fletmemizin DNA&#8217;s\u0131n\u0131 \u015fekillendirmi\u015ftir. Bu \u015fehir, bize m\u00fc\u015fteri memnuniyetine verdi\u011fimiz \u00f6nemi ve g\u00fcvenilirlik ilkesini \u00f6\u011fretmi\u015ftir.<\/p><p><strong>Amazon&#8217;da G\u00fc\u00e7l\u00fc Bir Varl\u0131k:<\/strong><\/p><p>Amazon \u00fczerinden yap\u0131lan g\u00f6nderilerde G\u00fcneydo\u011fu B\u00f6lgesi&#8217;ne \u00f6nc\u00fcl\u00fck etmek, bizim i\u00e7in bir gurur kayna\u011f\u0131d\u0131r. Amazon&#8217;un dinamik d\u00fcnyas\u0131nda kazand\u0131\u011f\u0131m\u0131z deneyimlerle, m\u00fc\u015fterilerimize en etkili ve h\u0131zl\u0131 hizmeti sunma amac\u0131 g\u00fcd\u00fcyoruz. Operasyonlar\u0131m\u0131zdaki titiz planlama ve uygulama, m\u00fc\u015fteri memnuniyetini her zaman en \u00fcst d\u00fczeyde tutmam\u0131za olanak tan\u0131yor.<\/p><p><strong>Dan\u0131\u015fmanl\u0131k Hizmetlerimizle \u0130\u015f D\u00fcnyas\u0131na Y\u00f6n Veriyoruz:<\/strong><\/p><p>G\u00fcney Global Dan\u0131\u015fmanl\u0131k \u015eirketi b\u00fcnyesinde sundu\u011fumuz dan\u0131\u015fmanl\u0131k hizmetleri, i\u015f d\u00fcnyas\u0131ndaki de\u011fi\u015fimlere \u00f6nc\u00fcl\u00fck etmeyi hedefler. Yurt d\u0131\u015f\u0131 g\u00f6nderilerinizde operasyonlar\u0131 ve planlamay\u0131 dan\u0131\u015fanlar\u0131m\u0131za sunarak, i\u015f s\u00fcre\u00e7lerinizi optimize etmenizde size rehberlik<\/p>\t\t\t\t\t\t<\/div>\n\t\t\t\t<\/div>\n\t\t\t\t\t<\/div>\n\t\t<\/div>\n\t\t\t\t<div class=\"elementor-column elementor-col-50 elementor-top-column elementor-element elementor-element-e03a328\" data-id=\"e03a328\" data-element_type=\"column\">\n\t\t\t<div class=\"elementor-widget-wrap elementor-element-populated\">\n\t\t\t\t\t\t\t\t<div class=\"elementor-element elementor-element-903c186 elementor-widget elementor-widget-heading\" data-id=\"903c186\" data-element_type=\"widget\" data-widget_type=\"heading.default\">\n\t\t\t\t<div class=\"elementor-widget-container\">\n\t\t\t<h4 class=\"elementor-heading-title elementor-size-default\">TEMEL DE\u011eERLER\u0130M\u0130Z<\/h4>\t\t<\/div>\n\t\t\t\t<\/div>\n\t\t\t\t<div class=\"elementor-element elementor-element-23d597c elementor-widget-divider--view-line elementor-widget elementor-widget-divider\" data-id=\"23d597c\" data-element_type=\"widget\" data-widget_type=\"divider.default\">\n\t\t\t\t<div class=\"elementor-widget-container\">\n\t\t\t\t\t<div class=\"elementor-divider\">\n\t\t\t<span class=\"elementor-divider-separator\">\n\t\t\t\t\t\t<\/span>\n\t\t<\/div>\n\t\t\t\t<\/div>\n\t\t\t\t<\/div>\n\t\t\t\t<div class=\"elementor-element elementor-element-6d1a71e elementor-widget elementor-widget-text-editor\" data-id=\"6d1a71e\" data-element_type=\"widget\" data-widget_type=\"text-editor.default\">\n\t\t\t\t<div class=\"elementor-widget-container\">\n\t\t\t\t\t\t\t<p><strong>De\u011fi\u015fmeyen De\u011ferlerimiz:<\/strong><\/p><p>Ge\u00e7en y\u0131llar i\u00e7inde de\u011fi\u015fmeyen de\u011ferlerimiz, m\u00fc\u015fterilerimize kar\u015f\u0131 sorumlulu\u011fumuz ve g\u00fcvenilirli\u011fimizdir. \u015eeffafl\u0131k, inovasyon, m\u00fc\u015fteri memnuniyeti ve toplumsal sorumluluk gibi temel de\u011ferlerimizle i\u015f yapma \u015feklimizi \u015fekillendiriyoruz.<\/p><p>ERC\u0130MAX, d\u0131\u015f ticaretin karma\u015f\u0131kl\u0131klar\u0131n\u0131 basitle\u015ftirir, m\u00fc\u015fterilerine de\u011fer katman\u0131n ve ba\u015far\u0131ya ula\u015fman\u0131n gururunu ya\u015far. Ge\u00e7mi\u015fte edindi\u011fimiz deneyimleri gelece\u011fe ta\u015f\u0131mak i\u00e7in buraday\u0131z ve gelecekte de m\u00fc\u015fterilerimizle birlikte b\u00fcy\u00fcmeye devam edece\u011fiz.<\/p>\t\t\t\t\t\t<\/div>\n\t\t\t\t<\/div>\n\t\t\t\t\t<\/div>\n\t\t<\/div>\n\t\t\t\t\t\t\t<\/div>\n\t\t<\/section>\n\t\t\t\t\t\t\t<\/div>\n\t\t","protected":false},"excerpt":{"rendered":"<p>biz kimiz ? misyon ve vizyon Vizyonumuz: ERC\u0130MAX DI\u015e T\u0130CARET LTD. \u015eT\u0130 olarak, k\u00fcresel arenada rekabetin h\u0131zla evrildi\u011fi bir d\u00f6nemde, m\u00fc\u015fterilerimize s\u0131n\u0131rs\u0131z olanaklar sunan, yenilik\u00e7i ve \u00f6nc\u00fc bir d\u0131\u015f ticaret firmas\u0131 olma vizyonunu ta\u015f\u0131yoruz. K\u00fcresel ba\u011flant\u0131lar kurarak, m\u00fc\u015fterilerimizin ihtiya\u00e7lar\u0131na en iyi \u015fekilde cevap vermek, teknoloji ve de\u011fi\u015fen pazar dinamiklerine uyum sa\u011flamak i\u00e7in \u00e7abalar\u0131m\u0131z\u0131 s\u00fcrekli olarak &hellip;<\/p>\n<p class=\"read-more\"> <a class=\"\" href=\"https:\/\/ercimaxtic.com\/index.php\/about\/\"> <span class=\"screen-reader-text\">About<\/span> Read More &raquo;<\/a><\/p>\n","protected":false},"author":1,"featured_media":0,"parent":0,"menu_order":0,"comment_status":"closed","ping_status":"closed","template":"","meta":{"site-sidebar-layout":"no-sidebar","site-content-layout":"page-builder","ast-site-content-layout":"","site-content-style":"default","site-sidebar-style":"default","ast-global-header-display":"","ast-banner-title-visibility":"","ast-main-header-display":"","ast-hfb-above-header-display":"","ast-hfb-below-header-display":"","ast-hfb-mobile-header-display":"","site-post-title":"disabled","ast-breadcrumbs-content":"","ast-featured-img":"disabled","footer-sml-layout":"","theme-transparent-header-meta":"enabled","adv-header-id-meta":"","stick-header-meta":"","header-above-stick-meta":"","header-main-stick-meta":"","header-below-stick-meta":"","astra-migrate-meta-layouts":"","footnotes":""},"_links":{"self":[{"href":"https:\/\/ercimaxtic.com\/index.php\/wp-json\/wp\/v2\/pages\/541"}],"collection":[{"href":"https:\/\/ercimaxtic.com\/index.php\/wp-json\/wp\/v2\/pages"}],"about":[{"href":"https:\/\/ercimaxtic.com\/index.php\/wp-json\/wp\/v2\/types\/page"}],"author":[{"embeddable":true,"href":"https:\/\/ercimaxtic.com\/index.php\/wp-json\/wp\/v2\/users\/1"}],"replies":[{"embeddable":true,"href":"https:\/\/ercimaxtic.com\/index.php\/wp-json\/wp\/v2\/comments?post=541"}],"version-history":[{"count":4,"href":"https:\/\/ercimaxtic.com\/index.php\/wp-json\/wp\/v2\/pages\/541\/revisions"}],"predecessor-version":[{"id":595,"href":"https:\/\/ercimaxtic.com\/index.php\/wp-json\/wp\/v2\/pages\/541\/revisions\/595"}],"wp:attachment":[{"href":"https:\/\/ercimaxtic.com\/index.php\/wp-json\/wp\/v2\/media?parent=541"}],"curies":[{"name":"wp","href":"https:\/\/api.w.org\/{rel}","templated":true}]}}